
{"id":7684,"date":"2025-02-20T12:11:28","date_gmt":"2025-02-20T12:11:28","guid":{"rendered":"https:\/\/egypttourstar.com\/paket-3\/"},"modified":"2025-02-24T03:30:44","modified_gmt":"2025-02-24T03:30:44","slug":"paket-3","status":"publish","type":"page","link":"https:\/\/egypttourstar.com\/sr\/paket-3\/","title":{"rendered":"Paket 3"},"content":{"rendered":"\t\t<div data-elementor-type=\"wp-page\" data-elementor-id=\"7684\" class=\"elementor elementor-7684 elementor-5856\" data-elementor-post-type=\"page\">\n\t\t\t\t<div class=\"elementor-element elementor-element-af2730c e-flex e-con-boxed e-con e-parent\" data-id=\"af2730c\" data-element_type=\"container\">\n\t\t\t\t\t<div class=\"e-con-inner\">\n\t\t\t\t<div class=\"elementor-element elementor-element-3b24538 elementor-widget elementor-widget-heading\" data-id=\"3b24538\" data-element_type=\"widget\" data-widget_type=\"heading.default\">\n\t\t\t\t<div class=\"elementor-widget-container\">\n\t\t\t\t\t<h2 class=\"elementor-heading-title elementor-size-default\">\u0418\u0437\u0430\u0431\u0435\u0440\u0438\u0442\u0435 \u0458\u0435\u0434\u0430\u043d \u043e\u0434 \u043e\u0432\u0438\u0445<\/h2>\t\t\t\t<\/div>\n\t\t\t\t<\/div>\n\t\t\t\t<div class=\"elementor-element elementor-element-a61ff44 elementor-widget elementor-widget-wptravelengine-trips\" data-id=\"a61ff44\" data-element_type=\"widget\" data-widget_type=\"wptravelengine-trips.default\">\n\t\t\t\t<div class=\"elementor-widget-container\">\n\t\t\t\t\t<div class=\"wp-block-wptravelengine-trips wpte-gblock-wrapper elementor-addon wpte-elementor-widget\">\t<div class=\"category-slider wte-d-flex wpte-trip-list-wrapper\t\t\t\t\t\t   \t\">\n\t<div class=\"wpte-swiper swiper\" data-swiper-options=\"{&quot;speed&quot;:300,&quot;effect&quot;:&quot;slide&quot;,&quot;loop&quot;:true,&quot;wrapperClass&quot;:&quot;wpte-swiper-wrapper&quot;,&quot;slidesPerView&quot;:1,&quot;spaceBetween&quot;:30,&quot;breakpoints&quot;:{&quot;768&quot;:{&quot;slidesPerView&quot;:2},&quot;1025&quot;:{&quot;slidesPerView&quot;:3},&quot;1367&quot;:{&quot;slidesPerView&quot;:2}},&quot;autoplay&quot;:{&quot;delay&quot;:2000}}\"><div class=\"wpte-swiper-wrapper swiper-wrapper\">\t\t\t<\/div><!-- .wpte-swiper-wrapper -->\n\t\t<\/div><!-- .wpte-swiper -->\n\t\t\t\t<div class=\"wpte-swiper-navigation \n\t\t hide-lg hide-md hide-sm\t\t\">\n\t\t\t\t\t<!-- If we need navigation buttons -->\n\t\t\t\t\t<div class=\"wpte-swiper-button-prev\">\n\t\t\t\t\t\t\t\t\t\t\t\t\t\t\t\t\t<\/div>\n\t\t\t\t\t<div class=\"wpte-swiper-button-next\">\n\t\t\t\t\t\t\t\t\t\t\t\t\t\t\t\t<\/div>\n\t\t<\/div><!-- .wpte-swiper-navigation -->\n\t\t\t<!-- If we need pagination -->\n\t\t\t<div class=\"wpte-swiper-pagination \n\t\t\t hide-lg hide-md hide-sm\t\t\t\"><\/div>\n\t\t<\/div><!-- .category-{$layout} --><\/div>\t\t\t\t<\/div>\n\t\t\t\t<\/div>\n\t\t\t\t<div class=\"elementor-element elementor-element-da2d842 elementor-widget elementor-widget-heading\" data-id=\"da2d842\" data-element_type=\"widget\" data-widget_type=\"heading.default\">\n\t\t\t\t<div class=\"elementor-widget-container\">\n\t\t\t\t\t<h2 class=\"elementor-heading-title elementor-size-default\">\u0418\u0437\u0430\u0431\u0435\u0440\u0438\u0442\u0435 \u0458\u0435\u0434\u0430\u043d \u043e\u0434 \u043e\u0432\u0438\u0445<\/h2>\t\t\t\t<\/div>\n\t\t\t\t<\/div>\n\t\t\t\t<div class=\"elementor-element elementor-element-e26ad61 elementor-widget elementor-widget-wptravelengine-trips\" data-id=\"e26ad61\" data-element_type=\"widget\" data-widget_type=\"wptravelengine-trips.default\">\n\t\t\t\t<div class=\"elementor-widget-container\">\n\t\t\t\t\t<div class=\"wp-block-wptravelengine-trips wpte-gblock-wrapper elementor-addon wpte-elementor-widget\">\t<div class=\"category-slider wte-d-flex wpte-trip-list-wrapper\t\t\t\t\t\t   \t\">\n\t<div class=\"wpte-swiper swiper\" data-swiper-options=\"{&quot;speed&quot;:300,&quot;effect&quot;:&quot;slide&quot;,&quot;loop&quot;:true,&quot;wrapperClass&quot;:&quot;wpte-swiper-wrapper&quot;,&quot;slidesPerView&quot;:1,&quot;spaceBetween&quot;:30,&quot;breakpoints&quot;:{&quot;768&quot;:{&quot;slidesPerView&quot;:2},&quot;1025&quot;:{&quot;slidesPerView&quot;:3},&quot;1367&quot;:{&quot;slidesPerView&quot;:2}},&quot;autoplay&quot;:{&quot;delay&quot;:2000}}\"><div class=\"wpte-swiper-wrapper swiper-wrapper\">\t\t\t<\/div><!-- .wpte-swiper-wrapper -->\n\t\t<\/div><!-- .wpte-swiper -->\n\t\t\t\t<div class=\"wpte-swiper-navigation \n\t\t hide-lg hide-md hide-sm\t\t\">\n\t\t\t\t\t<!-- If we need navigation buttons -->\n\t\t\t\t\t<div class=\"wpte-swiper-button-prev\">\n\t\t\t\t\t\t\t\t\t\t\t\t\t\t\t\t\t<\/div>\n\t\t\t\t\t<div class=\"wpte-swiper-button-next\">\n\t\t\t\t\t\t\t\t\t\t\t\t\t\t\t\t<\/div>\n\t\t<\/div><!-- .wpte-swiper-navigation -->\n\t\t\t<!-- If we need pagination -->\n\t\t\t<div class=\"wpte-swiper-pagination \n\t\t\t hide-lg hide-md hide-sm\t\t\t\"><\/div>\n\t\t<\/div><!-- .category-{$layout} --><\/div>\t\t\t\t<\/div>\n\t\t\t\t<\/div>\n\t\t<div class=\"elementor-element elementor-element-48d7048 e-con-full e-flex e-con e-child\" data-id=\"48d7048\" data-element_type=\"container\">\n\t\t\t\t<div class=\"elementor-element elementor-element-1835e9e elementor-position-left elementor-position-top elementor-vertical-align-middle elementor-widget elementor-widget-image-box\" data-id=\"1835e9e\" data-element_type=\"widget\" data-widget_type=\"image-box.default\">\n\t\t\t\t<div class=\"elementor-widget-container\">\n\t\t\t\t\t<div class=\"elementor-image-box-wrapper\"><figure class=\"elementor-image-box-img\"><img fetchpriority=\"high\" decoding=\"async\" width=\"2560\" height=\"1829\" src=\"https:\/\/egypttourstar.com\/wp-content\/uploads\/2025\/02\/Hurghada-scaled-1.jpg\" class=\"attachment-full size-full wp-image-7436\" alt=\"\" \/><\/figure><div class=\"elementor-image-box-content\"><h3 class=\"elementor-image-box-title\">Obilazak grada<\/h3><p class=\"elementor-image-box-description\">U\u017eivajte u obilasku grada Hurgade, uklju\u010dujuc\u0301i panoramu grada, marinu, najvec\u0301u gradsku d\u017eamiju i istorijsku crkvu, u\u017eivajte u \u0161opingu tako\u0111e<\/p><\/div><\/div>\t\t\t\t<\/div>\n\t\t\t\t<\/div>\n\t\t\t\t<\/div>\n\t\t\t\t\t<\/div>\n\t\t\t\t<\/div>\n\t\t<div class=\"elementor-element elementor-element-a92b514 e-con-full e-flex e-con e-parent\" data-id=\"a92b514\" data-element_type=\"container\" data-settings=\"{&quot;background_background&quot;:&quot;classic&quot;}\">\n\t\t\t\t<div class=\"elementor-element elementor-element-f10e0fd elementor-widget elementor-widget-heading\" data-id=\"f10e0fd\" data-element_type=\"widget\" data-widget_type=\"heading.default\">\n\t\t\t\t<div class=\"elementor-widget-container\">\n\t\t\t\t\t<h2 class=\"elementor-heading-title elementor-size-default\">Cene<br><\/h2>\t\t\t\t<\/div>\n\t\t\t\t<\/div>\n\t\t<div class=\"elementor-element elementor-element-38c5a6c e-con-full e-flex e-con e-child\" data-id=\"38c5a6c\" data-element_type=\"container\">\n\t\t\t\t<div class=\"elementor-element elementor-element-cea1760 elementor-widget__width-initial elementor-widget elementor-widget-price-table\" data-id=\"cea1760\" data-element_type=\"widget\" data-widget_type=\"price-table.default\">\n\t\t\t\t<div class=\"elementor-widget-container\">\n\t\t\t\t\t\n\t\t<div class=\"elementor-price-table\">\n\t\t\t\t\t\t\t<div class=\"elementor-price-table__header\">\n\t\t\t\t\t\t\t\t\t\t\t<h3 class=\"elementor-price-table__heading\">\n\t\t\t\t\t\tOdrasli<br>\t\t\t\t\t\t<\/h3>\n\t\t\t\t\t\n\t\t\t\t\t\t\t\t\t<\/div>\n\t\t\t\n\t\t\t<div class=\"elementor-price-table__price\">\n\t\t\t\t\t\t\t\t<span class=\"elementor-price-table__currency\">&#036;<\/span>\t\t\t\t\t\t\t\t\t<span class=\"elementor-price-table__integer-part\">\n\t\t\t\t\t\t72\t\t\t\t\t<\/span>\n\t\t\t\t\n\t\t\t\t\n\t\t\t\t\n\t\t\t\t\t\t\t<\/div>\n\n\t\t\t\t\t\t\t<ul class=\"elementor-price-table__features-list\">\n\t\t\t\t\t\t\t\t\t\t\t<li class=\"elementor-repeater-item-ed54bb8\">\n\t\t\t\t\t\t\t<div class=\"elementor-price-table__feature-inner\">\n\t\t\t\t\t\t\t\t\t\t\t\t\t\t\t\t\t\t\t\t\t\t\t\t\t<span >\n\t\t\t\t\t\t\t\t\t\tGodina 18+\t\t\t\t\t\t\t\t\t<\/span>\n\t\t\t\t\t\t\t\t\t\t\t\t\t\t\t\t<\/div>\n\t\t\t\t\t\t<\/li>\n\t\t\t\t\t\t\t\t\t<\/ul>\n\t\t\t\n\t\t\t\t\t\t\t<div class=\"elementor-price-table__footer\">\n\t\t\t\t\t\t\t\t\t\t\t<a class=\"elementor-price-table__button elementor-button elementor-size-md\" href=\"https:\/\/egypttourstar.com\/contact-us\/\">\n\t\t\t\t\t\t\t\u041f\u0440\u043e\u0432\u0435\u0440\u0438\u0442\u0435 \u0434\u043e\u0441\u0442\u0443\u043f\u043d\u043e\u0441\u0442\t\t\t\t\t\t<\/a>\n\t\t\t\t\t\n\t\t\t\t\t\t\t\t\t<\/div>\n\t\t\t\t\t<\/div>\n\n\t\t\t\t\t\t<\/div>\n\t\t\t\t<\/div>\n\t\t\t\t<div class=\"elementor-element elementor-element-6995193 elementor-widget__width-initial elementor-widget elementor-widget-price-table\" data-id=\"6995193\" data-element_type=\"widget\" data-widget_type=\"price-table.default\">\n\t\t\t\t<div class=\"elementor-widget-container\">\n\t\t\t\t\t\n\t\t<div class=\"elementor-price-table\">\n\t\t\t\t\t\t\t<div class=\"elementor-price-table__header\">\n\t\t\t\t\t\t\t\t\t\t\t<h3 class=\"elementor-price-table__heading\">\n\t\t\t\t\t\tDeca<br>\t\t\t\t\t\t<\/h3>\n\t\t\t\t\t\n\t\t\t\t\t\t\t\t\t<\/div>\n\t\t\t\n\t\t\t<div class=\"elementor-price-table__price\">\n\t\t\t\t\t\t\t\t<span class=\"elementor-price-table__currency\">&#036;<\/span>\t\t\t\t\t\t\t\t\t<span class=\"elementor-price-table__integer-part\">\n\t\t\t\t\t\t40\t\t\t\t\t<\/span>\n\t\t\t\t\n\t\t\t\t\n\t\t\t\t\n\t\t\t\t\t\t\t<\/div>\n\n\t\t\t\t\t\t\t<ul class=\"elementor-price-table__features-list\">\n\t\t\t\t\t\t\t\t\t\t\t<li class=\"elementor-repeater-item-ed54bb8\">\n\t\t\t\t\t\t\t<div class=\"elementor-price-table__feature-inner\">\n\t\t\t\t\t\t\t\t\t\t\t\t\t\t\t\t\t\t\t\t\t\t\t\t\t<span >\n\t\t\t\t\t\t\t\t\t\tGodina 6-17\t\t\t\t\t\t\t\t\t<\/span>\n\t\t\t\t\t\t\t\t\t\t\t\t\t\t\t\t<\/div>\n\t\t\t\t\t\t<\/li>\n\t\t\t\t\t\t\t\t\t<\/ul>\n\t\t\t\n\t\t\t\t\t\t\t<div class=\"elementor-price-table__footer\">\n\t\t\t\t\t\t\t\t\t\t\t<a class=\"elementor-price-table__button elementor-button elementor-size-md\" href=\"https:\/\/egypttourstar.com\/contact-us\/\">\n\t\t\t\t\t\t\t\u041f\u0440\u043e\u0432\u0435\u0440\u0438\u0442\u0435 \u0434\u043e\u0441\u0442\u0443\u043f\u043d\u043e\u0441\u0442\t\t\t\t\t\t<\/a>\n\t\t\t\t\t\n\t\t\t\t\t\t\t\t\t<\/div>\n\t\t\t\t\t<\/div>\n\n\t\t\t\t\t\t<\/div>\n\t\t\t\t<\/div>\n\t\t\t\t<div class=\"elementor-element elementor-element-c1223ac elementor-widget__width-initial elementor-widget elementor-widget-price-table\" data-id=\"c1223ac\" data-element_type=\"widget\" data-widget_type=\"price-table.default\">\n\t\t\t\t<div class=\"elementor-widget-container\">\n\t\t\t\t\t\n\t\t<div class=\"elementor-price-table\">\n\t\t\t\t\t\t\t<div class=\"elementor-price-table__header\">\n\t\t\t\t\t\t\t\t\t\t\t<h3 class=\"elementor-price-table__heading\">\n\t\t\t\t\t\tDojen\u010dad<br>\t\t\t\t\t\t<\/h3>\n\t\t\t\t\t\n\t\t\t\t\t\t\t\t\t<\/div>\n\t\t\t\n\t\t\t<div class=\"elementor-price-table__price\">\n\t\t\t\t\t\t\t\t<span class=\"elementor-price-table__currency\">&#036;<\/span>\t\t\t\t\t\t\t\t\t<span class=\"elementor-price-table__integer-part\">\n\t\t\t\t\t\t0\t\t\t\t\t<\/span>\n\t\t\t\t\n\t\t\t\t\n\t\t\t\t\n\t\t\t\t\t\t\t<\/div>\n\n\t\t\t\t\t\t\t<ul class=\"elementor-price-table__features-list\">\n\t\t\t\t\t\t\t\t\t\t\t<li class=\"elementor-repeater-item-ed54bb8\">\n\t\t\t\t\t\t\t<div class=\"elementor-price-table__feature-inner\">\n\t\t\t\t\t\t\t\t\t\t\t\t\t\t\t\t\t\t\t\t\t\t\t\t\t<span >\n\t\t\t\t\t\t\t\t\t\tGodina 0-5\t\t\t\t\t\t\t\t\t<\/span>\n\t\t\t\t\t\t\t\t\t\t\t\t\t\t\t\t<\/div>\n\t\t\t\t\t\t<\/li>\n\t\t\t\t\t\t\t\t\t<\/ul>\n\t\t\t\n\t\t\t\t\t\t\t<div class=\"elementor-price-table__footer\">\n\t\t\t\t\t\t\t\t\t\t\t<a class=\"elementor-price-table__button elementor-button elementor-size-md\" href=\"https:\/\/egypttourstar.com\/contact-us\/\">\n\t\t\t\t\t\t\t\u041f\u0440\u043e\u0432\u0435\u0440\u0438\u0442\u0435 \u0434\u043e\u0441\u0442\u0443\u043f\u043d\u043e\u0441\u0442\t\t\t\t\t\t<\/a>\n\t\t\t\t\t\n\t\t\t\t\t\t\t\t\t<\/div>\n\t\t\t\t\t<\/div>\n\n\t\t\t\t\t\t<\/div>\n\t\t\t\t<\/div>\n\t\t\t\t<\/div>\n\t\t\t\t<\/div>\n\t\t\t\t<\/div>\n\t\t","protected":false},"excerpt":{"rendered":"<p>\u0418\u0437\u0430\u0431\u0435\u0440\u0438\u0442\u0435 \u0458\u0435\u0434\u0430\u043d \u043e\u0434 \u043e\u0432\u0438\u0445 Cairo-1 day Cairo 1 Day We pick you up at midnight and travel to Cairo.You visit the Egypt Museum in Cairo. We\u2019ll eat at a&#8230; View Details Available through out the year: Jan Feb Mar Apr May Jun Jul Aug Sep Oct Nov Dec Luxor -1 Day Luxor 1 Day A&#8230;<\/p>\n","protected":false},"author":1,"featured_media":0,"parent":0,"menu_order":0,"comment_status":"closed","ping_status":"closed","template":"template-builder.php","meta":{"_acf_changed":false,"footnotes":""},"class_list":["post-7684","page","type-page","status-publish","hentry"],"acf":[],"_links":{"self":[{"href":"https:\/\/egypttourstar.com\/sr\/wp-json\/wp\/v2\/pages\/7684","targetHints":{"allow":["GET"]}}],"collection":[{"href":"https:\/\/egypttourstar.com\/sr\/wp-json\/wp\/v2\/pages"}],"about":[{"href":"https:\/\/egypttourstar.com\/sr\/wp-json\/wp\/v2\/types\/page"}],"author":[{"embeddable":true,"href":"https:\/\/egypttourstar.com\/sr\/wp-json\/wp\/v2\/users\/1"}],"replies":[{"embeddable":true,"href":"https:\/\/egypttourstar.com\/sr\/wp-json\/wp\/v2\/comments?post=7684"}],"version-history":[{"count":1,"href":"https:\/\/egypttourstar.com\/sr\/wp-json\/wp\/v2\/pages\/7684\/revisions"}],"predecessor-version":[{"id":7685,"href":"https:\/\/egypttourstar.com\/sr\/wp-json\/wp\/v2\/pages\/7684\/revisions\/7685"}],"wp:attachment":[{"href":"https:\/\/egypttourstar.com\/sr\/wp-json\/wp\/v2\/media?parent=7684"}],"curies":[{"name":"wp","href":"https:\/\/api.w.org\/{rel}","templated":true}]}}