
{"id":7680,"date":"2025-02-20T12:10:41","date_gmt":"2025-02-20T12:10:41","guid":{"rendered":"https:\/\/egypttourstar.com\/paket-1\/"},"modified":"2025-02-24T03:28:41","modified_gmt":"2025-02-24T03:28:41","slug":"paket-1","status":"publish","type":"page","link":"https:\/\/egypttourstar.com\/sr\/paket-1\/","title":{"rendered":"Paket 1"},"content":{"rendered":"\t\t<div data-elementor-type=\"wp-page\" data-elementor-id=\"7680\" class=\"elementor elementor-7680 elementor-5852\" data-elementor-post-type=\"page\">\n\t\t\t\t<div class=\"elementor-element elementor-element-f222904 e-flex e-con-boxed e-con e-parent\" data-id=\"f222904\" data-element_type=\"container\">\n\t\t\t\t\t<div class=\"e-con-inner\">\n\t\t\t\t<div class=\"elementor-element elementor-element-dd38198 elementor-widget elementor-widget-wptravelengine-trips\" data-id=\"dd38198\" data-element_type=\"widget\" data-widget_type=\"wptravelengine-trips.default\">\n\t\t\t\t<div class=\"elementor-widget-container\">\n\t\t\t\t\t<div class=\"wp-block-wptravelengine-trips wpte-gblock-wrapper elementor-addon wpte-elementor-widget\">\t<div class=\"category-list wte-d-flex wpte-trip-list-wrapper\t\t\t\t\t\t    wte-col-3 columns-tablet-2 columns-mobile-1\t\">\n\t<\/div><!-- .category-{$layout} --><\/div>\t\t\t\t<\/div>\n\t\t\t\t<\/div>\n\t\t<div class=\"elementor-element elementor-element-64143b0 e-con-full e-flex e-con e-child\" data-id=\"64143b0\" data-element_type=\"container\">\n\t\t\t\t<div class=\"elementor-element elementor-element-12911e1 elementor-position-left elementor-position-top elementor-vertical-align-middle elementor-widget elementor-widget-image-box\" data-id=\"12911e1\" data-element_type=\"widget\" data-widget_type=\"image-box.default\">\n\t\t\t\t<div class=\"elementor-widget-container\">\n\t\t\t\t\t<div class=\"elementor-image-box-wrapper\"><figure class=\"elementor-image-box-img\"><img fetchpriority=\"high\" decoding=\"async\" width=\"2560\" height=\"1829\" src=\"https:\/\/egypttourstar.com\/wp-content\/uploads\/2025\/02\/Hurghada-scaled-1.jpg\" class=\"attachment-full size-full wp-image-7436\" alt=\"\" \/><\/figure><div class=\"elementor-image-box-content\"><h3 class=\"elementor-image-box-title\">Obilazak grada<\/h3><p class=\"elementor-image-box-description\">U\u017eivajte u obilasku grada Hurgade, uklju\u010dujuc\u0301i panoramu grada, marinu, najvec\u0301u gradsku d\u017eamiju i istorijsku crkvu, u\u017eivajte u \u0161opingu tako\u0111e<\/p><\/div><\/div>\t\t\t\t<\/div>\n\t\t\t\t<\/div>\n\t\t\t\t<\/div>\n\t\t\t\t<div class=\"elementor-element elementor-element-afa9107 elementor-widget elementor-widget-heading\" data-id=\"afa9107\" data-element_type=\"widget\" data-widget_type=\"heading.default\">\n\t\t\t\t<div class=\"elementor-widget-container\">\n\t\t\t\t\t<h2 class=\"elementor-heading-title elementor-size-default\">\u0418\u041b\u0418<\/h2>\t\t\t\t<\/div>\n\t\t\t\t<\/div>\n\t\t\t\t<div class=\"elementor-element elementor-element-fb2a47f elementor-widget elementor-widget-wptravelengine-trips\" data-id=\"fb2a47f\" data-element_type=\"widget\" data-widget_type=\"wptravelengine-trips.default\">\n\t\t\t\t<div class=\"elementor-widget-container\">\n\t\t\t\t\t<div class=\"wp-block-wptravelengine-trips wpte-gblock-wrapper elementor-addon wpte-elementor-widget\">\t<div class=\"category-list wte-d-flex wpte-trip-list-wrapper\t\t\t\t\t\t    wte-col-3 columns-tablet-2 columns-mobile-1\t\">\n\t<\/div><!-- .category-{$layout} --><\/div>\t\t\t\t<\/div>\n\t\t\t\t<\/div>\n\t\t<div class=\"elementor-element elementor-element-4e90aa3 e-con-full e-flex e-con e-child\" data-id=\"4e90aa3\" data-element_type=\"container\">\n\t\t\t\t<div class=\"elementor-element elementor-element-9a544eb elementor-position-left elementor-position-top elementor-vertical-align-middle elementor-widget elementor-widget-image-box\" data-id=\"9a544eb\" data-element_type=\"widget\" data-widget_type=\"image-box.default\">\n\t\t\t\t<div class=\"elementor-widget-container\">\n\t\t\t\t\t<div class=\"elementor-image-box-wrapper\"><figure class=\"elementor-image-box-img\"><img fetchpriority=\"high\" decoding=\"async\" width=\"2560\" height=\"1829\" src=\"https:\/\/egypttourstar.com\/wp-content\/uploads\/2025\/02\/Hurghada-scaled-1.jpg\" class=\"attachment-full size-full wp-image-7436\" alt=\"\" \/><\/figure><div class=\"elementor-image-box-content\"><h3 class=\"elementor-image-box-title\">Obilazak grada<\/h3><p class=\"elementor-image-box-description\">U\u017eivajte u obilasku grada Hurgade, uklju\u010dujuc\u0301i panoramu grada, marinu, najvec\u0301u gradsku d\u017eamiju i istorijsku crkvu, u\u017eivajte u \u0161opingu tako\u0111e<\/p><\/div><\/div>\t\t\t\t<\/div>\n\t\t\t\t<\/div>\n\t\t\t\t<\/div>\n\t\t\t\t\t<\/div>\n\t\t\t\t<\/div>\n\t\t<div class=\"elementor-element elementor-element-f568305 e-con-full e-flex e-con e-parent\" data-id=\"f568305\" data-element_type=\"container\" data-settings=\"{&quot;background_background&quot;:&quot;classic&quot;}\">\n\t\t\t\t<div class=\"elementor-element elementor-element-8b2140a elementor-widget elementor-widget-heading\" data-id=\"8b2140a\" data-element_type=\"widget\" data-widget_type=\"heading.default\">\n\t\t\t\t<div class=\"elementor-widget-container\">\n\t\t\t\t\t<h2 class=\"elementor-heading-title elementor-size-default\">Cene<br><\/h2>\t\t\t\t<\/div>\n\t\t\t\t<\/div>\n\t\t<div class=\"elementor-element elementor-element-545d819 e-con-full e-flex e-con e-child\" data-id=\"545d819\" data-element_type=\"container\">\n\t\t\t\t<div class=\"elementor-element elementor-element-233a0aa elementor-widget__width-initial elementor-widget elementor-widget-price-table\" data-id=\"233a0aa\" data-element_type=\"widget\" data-widget_type=\"price-table.default\">\n\t\t\t\t<div class=\"elementor-widget-container\">\n\t\t\t\t\t\n\t\t<div class=\"elementor-price-table\">\n\t\t\t\t\t\t\t<div class=\"elementor-price-table__header\">\n\t\t\t\t\t\t\t\t\t\t\t<h3 class=\"elementor-price-table__heading\">\n\t\t\t\t\t\tOdrasli<br>\t\t\t\t\t\t<\/h3>\n\t\t\t\t\t\n\t\t\t\t\t\t\t\t\t<\/div>\n\t\t\t\n\t\t\t<div class=\"elementor-price-table__price\">\n\t\t\t\t\t\t\t\t<span class=\"elementor-price-table__currency\">&#036;<\/span>\t\t\t\t\t\t\t\t\t<span class=\"elementor-price-table__integer-part\">\n\t\t\t\t\t\t140\t\t\t\t\t<\/span>\n\t\t\t\t\n\t\t\t\t\n\t\t\t\t\n\t\t\t\t\t\t\t<\/div>\n\n\t\t\t\t\t\t\t<ul class=\"elementor-price-table__features-list\">\n\t\t\t\t\t\t\t\t\t\t\t<li class=\"elementor-repeater-item-ed54bb8\">\n\t\t\t\t\t\t\t<div class=\"elementor-price-table__feature-inner\">\n\t\t\t\t\t\t\t\t\t\t\t\t\t\t\t\t\t\t\t\t\t\t\t\t\t<span >\n\t\t\t\t\t\t\t\t\t\tGodina 18+\t\t\t\t\t\t\t\t\t<\/span>\n\t\t\t\t\t\t\t\t\t\t\t\t\t\t\t\t<\/div>\n\t\t\t\t\t\t<\/li>\n\t\t\t\t\t\t\t\t\t<\/ul>\n\t\t\t\n\t\t\t\t\t\t\t<div class=\"elementor-price-table__footer\">\n\t\t\t\t\t\t\t\t\t\t\t<a class=\"elementor-price-table__button elementor-button elementor-size-md\" href=\"https:\/\/egypttourstar.com\/contact-us\/\">\n\t\t\t\t\t\t\t\u041f\u0440\u043e\u0432\u0435\u0440\u0438\u0442\u0435 \u0434\u043e\u0441\u0442\u0443\u043f\u043d\u043e\u0441\u0442\t\t\t\t\t\t<\/a>\n\t\t\t\t\t\n\t\t\t\t\t\t\t\t\t<\/div>\n\t\t\t\t\t<\/div>\n\n\t\t\t\t\t\t<\/div>\n\t\t\t\t<\/div>\n\t\t\t\t<div class=\"elementor-element elementor-element-8b2e738 elementor-widget__width-initial elementor-widget elementor-widget-price-table\" data-id=\"8b2e738\" data-element_type=\"widget\" data-widget_type=\"price-table.default\">\n\t\t\t\t<div class=\"elementor-widget-container\">\n\t\t\t\t\t\n\t\t<div class=\"elementor-price-table\">\n\t\t\t\t\t\t\t<div class=\"elementor-price-table__header\">\n\t\t\t\t\t\t\t\t\t\t\t<h3 class=\"elementor-price-table__heading\">\n\t\t\t\t\t\tDeca<br>\t\t\t\t\t\t<\/h3>\n\t\t\t\t\t\n\t\t\t\t\t\t\t\t\t<\/div>\n\t\t\t\n\t\t\t<div class=\"elementor-price-table__price\">\n\t\t\t\t\t\t\t\t<span class=\"elementor-price-table__currency\">&#036;<\/span>\t\t\t\t\t\t\t\t\t<span class=\"elementor-price-table__integer-part\">\n\t\t\t\t\t\t80\t\t\t\t\t<\/span>\n\t\t\t\t\n\t\t\t\t\n\t\t\t\t\n\t\t\t\t\t\t\t<\/div>\n\n\t\t\t\t\t\t\t<ul class=\"elementor-price-table__features-list\">\n\t\t\t\t\t\t\t\t\t\t\t<li class=\"elementor-repeater-item-ed54bb8\">\n\t\t\t\t\t\t\t<div class=\"elementor-price-table__feature-inner\">\n\t\t\t\t\t\t\t\t\t\t\t\t\t\t\t\t\t\t\t\t\t\t\t\t\t<span >\n\t\t\t\t\t\t\t\t\t\tGodina 6-17\t\t\t\t\t\t\t\t\t<\/span>\n\t\t\t\t\t\t\t\t\t\t\t\t\t\t\t\t<\/div>\n\t\t\t\t\t\t<\/li>\n\t\t\t\t\t\t\t\t\t<\/ul>\n\t\t\t\n\t\t\t\t\t\t\t<div class=\"elementor-price-table__footer\">\n\t\t\t\t\t\t\t\t\t\t\t<a class=\"elementor-price-table__button elementor-button elementor-size-md\" href=\"https:\/\/egypttourstar.com\/contact-us\/\">\n\t\t\t\t\t\t\t\u041f\u0440\u043e\u0432\u0435\u0440\u0438\u0442\u0435 \u0434\u043e\u0441\u0442\u0443\u043f\u043d\u043e\u0441\u0442\t\t\t\t\t\t<\/a>\n\t\t\t\t\t\n\t\t\t\t\t\t\t\t\t<\/div>\n\t\t\t\t\t<\/div>\n\n\t\t\t\t\t\t<\/div>\n\t\t\t\t<\/div>\n\t\t\t\t<div class=\"elementor-element elementor-element-506afdd elementor-widget__width-initial elementor-widget elementor-widget-price-table\" data-id=\"506afdd\" data-element_type=\"widget\" data-widget_type=\"price-table.default\">\n\t\t\t\t<div class=\"elementor-widget-container\">\n\t\t\t\t\t\n\t\t<div class=\"elementor-price-table\">\n\t\t\t\t\t\t\t<div class=\"elementor-price-table__header\">\n\t\t\t\t\t\t\t\t\t\t\t<h3 class=\"elementor-price-table__heading\">\n\t\t\t\t\t\tDojen\u010dad<br>\t\t\t\t\t\t<\/h3>\n\t\t\t\t\t\n\t\t\t\t\t\t\t\t\t<\/div>\n\t\t\t\n\t\t\t<div class=\"elementor-price-table__price\">\n\t\t\t\t\t\t\t\t<span class=\"elementor-price-table__currency\">&#036;<\/span>\t\t\t\t\t\t\t\t\t<span class=\"elementor-price-table__integer-part\">\n\t\t\t\t\t\t0\t\t\t\t\t<\/span>\n\t\t\t\t\n\t\t\t\t\n\t\t\t\t\n\t\t\t\t\t\t\t<\/div>\n\n\t\t\t\t\t\t\t<ul class=\"elementor-price-table__features-list\">\n\t\t\t\t\t\t\t\t\t\t\t<li class=\"elementor-repeater-item-ed54bb8\">\n\t\t\t\t\t\t\t<div class=\"elementor-price-table__feature-inner\">\n\t\t\t\t\t\t\t\t\t\t\t\t\t\t\t\t\t\t\t\t\t\t\t\t\t<span >\n\t\t\t\t\t\t\t\t\t\tGodina 0-5\t\t\t\t\t\t\t\t\t<\/span>\n\t\t\t\t\t\t\t\t\t\t\t\t\t\t\t\t<\/div>\n\t\t\t\t\t\t<\/li>\n\t\t\t\t\t\t\t\t\t<\/ul>\n\t\t\t\n\t\t\t\t\t\t\t<div class=\"elementor-price-table__footer\">\n\t\t\t\t\t\t\t\t\t\t\t<a class=\"elementor-price-table__button elementor-button elementor-size-md\" href=\"https:\/\/egypttourstar.com\/contact-us\/\">\n\t\t\t\t\t\t\t\u041f\u0440\u043e\u0432\u0435\u0440\u0438\u0442\u0435 \u0434\u043e\u0441\u0442\u0443\u043f\u043d\u043e\u0441\u0442\t\t\t\t\t\t<\/a>\n\t\t\t\t\t\n\t\t\t\t\t\t\t\t\t<\/div>\n\t\t\t\t\t<\/div>\n\n\t\t\t\t\t\t<\/div>\n\t\t\t\t<\/div>\n\t\t\t\t<\/div>\n\t\t\t\t<\/div>\n\t\t\t\t<\/div>\n\t\t","protected":false},"excerpt":{"rendered":"<p>Cairo-1 day Cairo 1 Day We pick you up at midnight and travel to Cairo.You visit the Egypt Museum in Cairo. We\u2019ll eat at a&#8230; Available through out the year: Jan Feb Mar Apr May Jun Jul Aug Sep Oct Nov Dec View Details Luxor -1 Day Luxor 1 Day A bus will pick you&#8230;<\/p>\n","protected":false},"author":1,"featured_media":0,"parent":0,"menu_order":0,"comment_status":"closed","ping_status":"closed","template":"template-builder.php","meta":{"_acf_changed":false,"footnotes":""},"class_list":["post-7680","page","type-page","status-publish","hentry"],"acf":[],"_links":{"self":[{"href":"https:\/\/egypttourstar.com\/sr\/wp-json\/wp\/v2\/pages\/7680","targetHints":{"allow":["GET"]}}],"collection":[{"href":"https:\/\/egypttourstar.com\/sr\/wp-json\/wp\/v2\/pages"}],"about":[{"href":"https:\/\/egypttourstar.com\/sr\/wp-json\/wp\/v2\/types\/page"}],"author":[{"embeddable":true,"href":"https:\/\/egypttourstar.com\/sr\/wp-json\/wp\/v2\/users\/1"}],"replies":[{"embeddable":true,"href":"https:\/\/egypttourstar.com\/sr\/wp-json\/wp\/v2\/comments?post=7680"}],"version-history":[{"count":1,"href":"https:\/\/egypttourstar.com\/sr\/wp-json\/wp\/v2\/pages\/7680\/revisions"}],"predecessor-version":[{"id":7681,"href":"https:\/\/egypttourstar.com\/sr\/wp-json\/wp\/v2\/pages\/7680\/revisions\/7681"}],"wp:attachment":[{"href":"https:\/\/egypttourstar.com\/sr\/wp-json\/wp\/v2\/media?parent=7680"}],"curies":[{"name":"wp","href":"https:\/\/api.w.org\/{rel}","templated":true}]}}