{"id":7519,"date":"2024-07-08T04:37:45","date_gmt":"2024-07-08T04:37:45","guid":{"rendered":"https:\/\/egypttourstar.com\/despre-noi\/"},"modified":"2025-05-27T09:38:07","modified_gmt":"2025-05-27T09:38:07","slug":"despre-noi","status":"publish","type":"page","link":"https:\/\/egypttourstar.com\/ro\/despre-noi\/","title":{"rendered":"Despre Noi"},"content":{"rendered":"\t\t<div data-elementor-type=\"wp-page\" data-elementor-id=\"7519\" class=\"elementor elementor-7519 elementor-1277\" data-elementor-post-type=\"page\">\n\t\t\t\t\r\n<div class=\"elementor-element elementor-element-ae0c789 e-con-full e-flex e-con e-parent\" data-id=\"ae0c789\" data-element_type=\"container\">\n\t\t<div class=\"elementor-element elementor-element-835b840 e-flex e-con-boxed e-con e-child\" data-id=\"835b840\" data-element_type=\"container\">\n\t\t\t\t\t<div class=\"e-con-inner\">\n\t\t<div class=\"elementor-element elementor-element-50c694f e-con-full e-flex e-con e-child\" data-id=\"50c694f\" data-element_type=\"container\">\n\t\t\t\t<div class=\"elementor-element elementor-element-d4a91f1 elementor-widget elementor-widget-tourmimage\" data-id=\"d4a91f1\" data-element_type=\"widget\" data-widget_type=\"tourmimage.default\">\n\t\t\t\t<div class=\"elementor-widget-container\">\n\t\t\t\t\t<div class=\"img-box3\"><div class=\"img1\"><img decoding=\"async\" src=\"https:\/\/egypttourstar.com\/wp-content\/uploads\/2025\/02\/WhatsApp-Image-2022-08-28-at-9.36.12-PM-puzw515w58p3rymduoi5nc6m4kvk27py97bip2zki0.jpeg\" alt=\"WhatsApp Image 2022 08 28 at 9.36.12 PM puzw515w58p3rymduoi5nc6m4kvk27py97bip2zki0\"  \/><\/div><div class=\"img2\"><img decoding=\"async\" src=\"https:\/\/egypttourstar.com\/wp-content\/uploads\/2025\/02\/Abu-Simbel.jpeg\" alt=\"Abu Simbel\"  \/><\/div><div class=\"img3 movingX\"><img decoding=\"async\" src=\"https:\/\/egypttourstar.com\/wp-content\/uploads\/2025\/05\/606856575.jpg\" alt=\"606856575\"  \/><\/div><\/div>\t\t\t\t<\/div>\n\t\t\t\t<\/div>\n\t\t\t\t<\/div>\n\t\t<div class=\"elementor-element elementor-element-4f3f988 e-con-full e-flex e-con e-child\" data-id=\"4f3f988\" data-element_type=\"container\">\n\t\t\t\t<div class=\"elementor-element elementor-element-e76ccfe elementor-widget__width-initial elementor-widget-mobile__width-inherit elementor-widget elementor-widget-tourmsectiontitle\" data-id=\"e76ccfe\" data-element_type=\"widget\" data-widget_type=\"tourmsectiontitle.default\">\n\t\t\t\t<div class=\"elementor-widget-container\">\n\t\t\t\t\t\t\t<div class=\"title-area text-left \">\r\n\t\t\t<span class=\"sub-title \">S\u0103 mergem \u00eempreun\u0103<\/span><h2 class=\"sec-title \">Planific\u0103-\u021bi c\u0103l\u0103toria cu noi<\/h2>\t\t<\/div>\r\n\r\n\t\t\t\t\t<\/div>\n\t\t\t\t<\/div>\n\t\t\t\t<div class=\"elementor-element elementor-element-79f811a elementor-widget__width-initial elementor-widget-mobile__width-inherit elementor-widget elementor-widget-text-editor\" data-id=\"79f811a\" data-element_type=\"widget\" data-widget_type=\"text-editor.default\">\n\t\t\t\t<div class=\"elementor-widget-container\">\n\t\t\t\t\t\t\t\t\t<p>Istoria companiei dateaz\u0103 de mai bine de dou\u0103 decenii. Pentru a asigura satisfac\u021bia clien\u021bilor, ne str\u0103duim s\u0103 \u00eendeplinim toate cerin\u021bele acestora<\/p>\t\t\t\t\t\t\t\t<\/div>\n\t\t\t\t<\/div>\n\t\t\t\t<div class=\"elementor-element elementor-element-639893f elementor-widget elementor-widget-tourmfeatures\" data-id=\"639893f\" data-element_type=\"widget\" data-widget_type=\"tourmfeatures.default\">\n\t\t\t\t<div class=\"elementor-widget-container\">\n\t\t\t\t\t<div class=\"about-item-wrap\"><div class=\"about-item style2\"><div class=\"about-item_img\"><img decoding=\"async\" src=\"https:\/\/wordpress.themeholy.com\/tourm\/wp-content\/uploads\/2024\/07\/about_1_1.svg\" alt=\"\"><\/div><div class=\"about-item_centent\"><h5 class=\"box-title title\">Excursie exclusiv\u0103<\/h5><p class=\"about-item_text desc\">Exist\u0103 multe variante ale pasajelor disponibile, dar majoritatea.<\/p><\/div><\/div><div class=\"about-item style2\"><div class=\"about-item_img\"><img decoding=\"async\" src=\"https:\/\/wordpress.themeholy.com\/tourm\/wp-content\/uploads\/2024\/07\/about_1_2.svg\" alt=\"\"><\/div><div class=\"about-item_centent\"><h5 class=\"box-title title\">Siguran\u021ba pe primul loc \u00eentotdeauna<\/h5><p class=\"about-item_text desc\">Exist\u0103 multe variante ale pasajelor disponibile, dar majoritatea.<\/p><\/div><\/div><div class=\"about-item style2\"><div class=\"about-item_img\"><img decoding=\"async\" src=\"https:\/\/wordpress.themeholy.com\/tourm\/wp-content\/uploads\/2024\/07\/about_1_3.svg\" alt=\"\"><\/div><div class=\"about-item_centent\"><h5 class=\"box-title title\">Ghid profesional<\/h5><p class=\"about-item_text desc\">Exist\u0103 multe variante ale pasajelor disponibile, dar majoritatea.<\/p><\/div><\/div><\/div>\t\t\t\t<\/div>\n\t\t\t\t<\/div>\n\t\t\t\t<div class=\"elementor-element elementor-element-b885914 elementor-widget elementor-widget-tourmbutton\" data-id=\"b885914\" data-element_type=\"widget\" data-widget_type=\"tourmbutton.default\">\n\t\t\t\t<div class=\"elementor-widget-container\">\n\t\t\t\t\t<div class=\"btn-wrapper\"><a class=\"th-btn th_btn th-icon style3\" href=\"https:\/\/egypttourstar.com\/ro\/contactati-ne\/\">rezerva acum<\/a><\/div>\t\t\t\t<\/div>\n\t\t\t\t<\/div>\n\t\t\t\t<\/div>\n\t\t\t\t<div class=\"elementor-element elementor-element-c403c63 elementor-widget elementor-widget-tourmshapeimage\" data-id=\"c403c63\" data-element_type=\"widget\" data-widget_type=\"tourmshapeimage.default\">\n\t\t\t\t<div class=\"elementor-widget-container\">\n\t\t\t\t\t<!-- Image --><div class=\"shape-mockup  movingX d-xl-block d-none\" data-top=\"4%\" data-left=\"2%\"><img decoding=\"async\" src=\"https:\/\/wordpress.themeholy.com\/tourm\/wp-content\/uploads\/2024\/06\/shape_2_1.png\" alt=\"Shape Image\" ><\/div><!-- End Image -->\t\t\t\t<\/div>\n\t\t\t\t<\/div>\n\t\t\t\t<div class=\"elementor-element elementor-element-294964a elementor-widget elementor-widget-tourmshapeimage\" data-id=\"294964a\" data-element_type=\"widget\" data-widget_type=\"tourmshapeimage.default\">\n\t\t\t\t<div class=\"elementor-widget-container\">\n\t\t\t\t\t<!-- Image --><div class=\"shape-mockup  jump d-xl-block d-none\" data-top=\"28%\" data-right=\"5%\"><img decoding=\"async\" src=\"https:\/\/wordpress.themeholy.com\/tourm\/wp-content\/uploads\/2024\/06\/shape_2_2.png\" alt=\"Shape Image\" ><\/div><!-- End Image -->\t\t\t\t<\/div>\n\t\t\t\t<\/div>\n\t\t\t\t<div class=\"elementor-element elementor-element-a84d528 elementor-widget elementor-widget-tourmshapeimage\" data-id=\"a84d528\" data-element_type=\"widget\" data-widget_type=\"tourmshapeimage.default\">\n\t\t\t\t<div class=\"elementor-widget-container\">\n\t\t\t\t\t<!-- Image --><div class=\"shape-mockup  spin d-xl-block d-none\" data-bottom=\"18%\" data-left=\"2%\"><img decoding=\"async\" src=\"https:\/\/wordpress.themeholy.com\/tourm\/wp-content\/uploads\/2024\/06\/shape_2_3.png\" alt=\"Shape Image\" ><\/div><!-- End Image -->\t\t\t\t<\/div>\n\t\t\t\t<\/div>\n\t\t\t\t<div class=\"elementor-element elementor-element-533c75a elementor-widget elementor-widget-tourmshapeimage\" data-id=\"533c75a\" data-element_type=\"widget\" data-widget_type=\"tourmshapeimage.default\">\n\t\t\t\t<div class=\"elementor-widget-container\">\n\t\t\t\t\t<!-- Image --><div class=\"shape-mockup movixgX  d-xl-block d-none\" data-bottom=\"18%\" data-right=\"2%\"><img decoding=\"async\" src=\"https:\/\/wordpress.themeholy.com\/tourm\/wp-content\/uploads\/2024\/06\/shape_2_4.png\" alt=\"Shape Image\" ><\/div><!-- End Image -->\t\t\t\t<\/div>\n\t\t\t\t<\/div>\n\t\t\t\t\t<\/div>\n\t\t\t\t<\/div>\n\t\t\t\t<\/div>\n\t\t<div class=\"elementor-element elementor-element-4064ca1 e-flex e-con-boxed e-con e-parent\" data-id=\"4064ca1\" data-element_type=\"container\">\n\t\t\t\t\t<div class=\"e-con-inner\">\n\t\t\t\t<div class=\"elementor-element elementor-element-4e3653c elementor-widget elementor-widget-tourmsectiontitle\" data-id=\"4e3653c\" data-element_type=\"widget\" data-widget_type=\"tourmsectiontitle.default\">\n\t\t\t\t<div class=\"elementor-widget-container\">\n\t\t\t\t\t\t\t<div class=\"title-area text-center \">\r\n\t\t\t<span class=\"sub-title \"> ce facem<\/span><h2 class=\"sec-title \">serviciile noastre<\/h2>\t\t<\/div>\r\n\r\n\t\t\t\t\t<\/div>\n\t\t\t\t<\/div>\n\t\t<div class=\"elementor-element elementor-element-9612880 e-con-full e-flex e-con e-child\" data-id=\"9612880\" data-element_type=\"container\">\n\t\t\t\t<div class=\"elementor-element elementor-element-3416c90 elementor-widget elementor-widget-tourmfeatures\" data-id=\"3416c90\" data-element_type=\"widget\" data-widget_type=\"tourmfeatures.default\">\n\t\t\t\t<div class=\"elementor-widget-container\">\n\t\t\t\t\t<div class=\"container th-container\"><div class=\"choose-item_wrapper\"><div class=\"choose-item style3\"><div class=\"box-icon\"><img decoding=\"async\" src=\"https:\/\/egypttourstar.com\/wp-content\/uploads\/2024\/10\/choose_2_1.svg\" alt=\"image\"><\/div><div class=\"media-body\"><h3 class=\"box-title\">zboruri interne\n<\/h3><p class=\"box-text desc\">rezervari cu tarife interne reduse ,disponibile acum\n\n<\/p><\/div><\/div><div class=\"choose-item style3\"><div class=\"box-icon\"><img decoding=\"async\" src=\"https:\/\/egypttourstar.com\/wp-content\/uploads\/2024\/07\/car_1.png\" alt=\"image\"><\/div><div class=\"media-body\"><h3 class=\"box-title\">tururi de aventura\n<\/h3><p class=\"box-text desc\">experimentati fiorul momentului in calatoriile noastre incitante\n\n<\/p><\/div><\/div><div class=\"choose-item style3\"><div class=\"box-icon\"><img decoding=\"async\" src=\"https:\/\/egypttourstar.com\/wp-content\/uploads\/2024\/10\/choose_2_2.svg\" alt=\"image\"><\/div><div class=\"media-body\"><h3 class=\"box-title\">tururi de istorie\n<\/h3><p class=\"box-text desc\">aflati despre istoria si cultura tarii\n\n<\/p><\/div><\/div><\/div><\/div>\t\t\t\t<\/div>\n\t\t\t\t<\/div>\n\t\t\t\t<\/div>\n\t\t<div class=\"elementor-element elementor-element-cb7c3ae e-con-full e-flex e-con e-child\" data-id=\"cb7c3ae\" data-element_type=\"container\">\n\t\t\t\t<div class=\"elementor-element elementor-element-5882546 elementor-widget elementor-widget-tourmfeatures\" data-id=\"5882546\" data-element_type=\"widget\" data-widget_type=\"tourmfeatures.default\">\n\t\t\t\t<div class=\"elementor-widget-container\">\n\t\t\t\t\t<div class=\"container th-container\"><div class=\"choose-item_wrapper\"><div class=\"choose-item style3\"><div class=\"box-icon\"><img decoding=\"async\" src=\"https:\/\/egypttourstar.com\/wp-content\/uploads\/2024\/10\/choose_2_1.svg\" alt=\"image\"><\/div><div class=\"media-body\"><h3 class=\"box-title\">excursii private\n<\/h3><p class=\"box-text desc\">experimentati comfortul si eleganta excursiilor noastre private\n\n<\/p><\/div><\/div><div class=\"choose-item style3\"><div class=\"box-icon\"><img decoding=\"async\" src=\"https:\/\/egypttourstar.com\/wp-content\/uploads\/2024\/07\/car_1.png\" alt=\"image\"><\/div><div class=\"media-body\"><h3 class=\"box-title\">Cruise croaziera\n<\/h3><p class=\"box-text desc\">condimenteaza-ti calatoria si bucura-te de tot ce este mai bun\n\n<\/p><\/div><\/div><div class=\"choose-item style3\"><div class=\"box-icon\"><img decoding=\"async\" src=\"https:\/\/egypttourstar.com\/wp-content\/uploads\/2024\/10\/choose_2_2.svg\" alt=\"image\"><\/div><div class=\"media-body\"><h3 class=\"box-title\">Transfers transferuri<\/h3><p class=\"box-text desc\">prima clasa, elegant si accesibil<\/p><\/div><\/div><\/div><\/div>\t\t\t\t<\/div>\n\t\t\t\t<\/div>\n\t\t\t\t<\/div>\n\t\t\t\t\t<\/div>\n\t\t\t\t<\/div>\n\t\t<div class=\"elementor-element elementor-element-653475f e-con-full e-flex e-con e-parent\" data-id=\"653475f\" data-element_type=\"container\">\n\t\t\t\t<div class=\"elementor-element elementor-element-8516903 elementor-arrows-position-inside elementor-pagination-position-outside elementor-widget elementor-widget-image-carousel\" data-id=\"8516903\" data-element_type=\"widget\" data-settings=\"{&quot;slides_to_show&quot;:&quot;4&quot;,&quot;navigation&quot;:&quot;both&quot;,&quot;autoplay&quot;:&quot;yes&quot;,&quot;pause_on_hover&quot;:&quot;yes&quot;,&quot;pause_on_interaction&quot;:&quot;yes&quot;,&quot;autoplay_speed&quot;:5000,&quot;infinite&quot;:&quot;yes&quot;,&quot;speed&quot;:500,&quot;image_spacing_custom&quot;:{&quot;unit&quot;:&quot;px&quot;,&quot;size&quot;:20,&quot;sizes&quot;:[]},&quot;image_spacing_custom_laptop&quot;:{&quot;unit&quot;:&quot;px&quot;,&quot;size&quot;:&quot;&quot;,&quot;sizes&quot;:[]},&quot;image_spacing_custom_tablet&quot;:{&quot;unit&quot;:&quot;px&quot;,&quot;size&quot;:&quot;&quot;,&quot;sizes&quot;:[]},&quot;image_spacing_custom_mobile&quot;:{&quot;unit&quot;:&quot;px&quot;,&quot;size&quot;:&quot;&quot;,&quot;sizes&quot;:[]}}\" data-widget_type=\"image-carousel.default\">\n\t\t\t\t<div class=\"elementor-widget-container\">\n\t\t\t\t\t\t\t<div class=\"elementor-image-carousel-wrapper swiper\" role=\"region\" aria-roledescription=\"carousel\" aria-label=\"Image Carousel\" dir=\"ltr\">\n\t\t\t<div class=\"elementor-image-carousel swiper-wrapper\" aria-live=\"off\">\n\t\t\t\t\t\t\t\t<div class=\"swiper-slide\" role=\"group\" aria-roledescription=\"slide\" aria-label=\"1 din 7\"><figure class=\"swiper-slide-inner\"><img decoding=\"async\" class=\"swiper-slide-image\" src=\"https:\/\/egypttourstar.com\/wp-content\/uploads\/elementor\/thumbs\/Abu-Simbel-2-r4tyallrah9t9qn1tvhcqh10h751wsfjafubnyzclk.jpeg\" alt=\"Abu-Simbel (2)\" \/><\/figure><\/div><div class=\"swiper-slide\" role=\"group\" aria-roledescription=\"slide\" aria-label=\"2 din 7\"><figure class=\"swiper-slide-inner\"><img decoding=\"async\" class=\"swiper-slide-image\" src=\"https:\/\/egypttourstar.com\/wp-content\/uploads\/elementor\/thumbs\/Abu-Simbel-3-r4tyar8sfhhj7eeuwxx45fls1id96z1xb7r8jmqzk8.jpeg\" alt=\"Abu-Simbel (3)\" \/><\/figure><\/div><div class=\"swiper-slide\" role=\"group\" aria-roledescription=\"slide\" aria-label=\"3 din 7\"><figure class=\"swiper-slide-inner\"><img decoding=\"async\" class=\"swiper-slide-image\" src=\"https:\/\/egypttourstar.com\/wp-content\/uploads\/elementor\/thumbs\/Fort-Qait-Bey-4-pt3z3vcqoid2my9pm1s1666sudz6kvt7swjnqguah4-r1ukr6m4s0it51gg2y8pmd7mwk6vb670ba1cy61abs.jpg\" alt=\"Fort-Qait-Bey-4-pt3z3vcqoid2my9pm1s1666sudz6kvt7swjnqguah4\" \/><\/figure><\/div><div class=\"swiper-slide\" role=\"group\" aria-roledescription=\"slide\" aria-label=\"4 din 7\"><figure class=\"swiper-slide-inner\"><img decoding=\"async\" class=\"swiper-slide-image\" src=\"https:\/\/egypttourstar.com\/wp-content\/uploads\/elementor\/thumbs\/WhatsApp-Image-2022-08-09-at-9.26.40-PM-1-puzskuw67j8im6svaryl56ku02mpg1vmassxtr16yw-r1uhnen229iaidths4uum2nbu14iyxg3y17pglro94.jpeg\" alt=\"WhatsApp-Image-2022-08-09-at-9.26.40-PM-1-puzskuw67j8im6svaryl56ku02mpg1vmassxtr16yw\" \/><\/figure><\/div><div class=\"swiper-slide\" role=\"group\" aria-roledescription=\"slide\" aria-label=\"5 din 7\"><figure class=\"swiper-slide-inner\"><img decoding=\"async\" class=\"swiper-slide-image\" src=\"https:\/\/egypttourstar.com\/wp-content\/uploads\/elementor\/thumbs\/About-2-scaled-r1k1k2ndh96jmmgez6m2o6dissrwne8esk1ofuo808.webp\" alt=\"About 2\" \/><\/figure><\/div><div class=\"swiper-slide\" role=\"group\" aria-roledescription=\"slide\" aria-label=\"6 din 7\"><figure class=\"swiper-slide-inner\"><img decoding=\"async\" class=\"swiper-slide-image\" src=\"https:\/\/egypttourstar.com\/wp-content\/uploads\/elementor\/thumbs\/Diving-pssbesw0rt6qyj18ykkl8e4yc2nhq8uutyi6md7hc8-r1ugtwhfjh4a30oc2dqfciogkmjrcybf80115xijk8.jpg\" alt=\"Diving-pssbesw0rt6qyj18ykkl8e4yc2nhq8uutyi6md7hc8\" \/><\/figure><\/div><div class=\"swiper-slide\" role=\"group\" aria-roledescription=\"slide\" aria-label=\"7 din 7\"><figure class=\"swiper-slide-inner\"><img decoding=\"async\" class=\"swiper-slide-image\" src=\"https:\/\/egypttourstar.com\/wp-content\/uploads\/elementor\/thumbs\/606856575-e1746703631239-r5i72sgz2l57yf25zfak9p3pqx0p7geshy15wzy9oo.jpg\" alt=\"606856575\" \/><\/figure><\/div>\t\t\t<\/div>\n\t\t\t\t\t\t\t\t\t\t\t\t<div class=\"elementor-swiper-button elementor-swiper-button-prev\" role=\"button\" tabindex=\"0\">\n\t\t\t\t\t\t<i aria-hidden=\"true\" class=\"eicon-chevron-left\"><\/i>\t\t\t\t\t<\/div>\n\t\t\t\t\t<div class=\"elementor-swiper-button elementor-swiper-button-next\" role=\"button\" tabindex=\"0\">\n\t\t\t\t\t\t<i aria-hidden=\"true\" class=\"eicon-chevron-right\"><\/i>\t\t\t\t\t<\/div>\n\t\t\t\t\n\t\t\t\t\t\t\t\t\t<div class=\"swiper-pagination\"><\/div>\n\t\t\t\t\t\t\t\t\t<\/div>\n\t\t\t\t\t\t<\/div>\n\t\t\t\t<\/div>\n\t\t\t\t<\/div>\n\t\t\t\t<\/div>\n\t\t","protected":false},"excerpt":{"rendered":"<p>S\u0103 mergem \u00eempreun\u0103 Planific\u0103-\u021bi c\u0103l\u0103toria cu noi Istoria companiei dateaz\u0103 de mai bine de dou\u0103 decenii. Pentru a asigura satisfac\u021bia clien\u021bilor, ne str\u0103duim s\u0103 \u00eendeplinim toate cerin\u021bele acestora Excursie exclusiv\u0103 Exist\u0103 multe variante ale pasajelor disponibile, dar majoritatea. Siguran\u021ba pe primul loc \u00eentotdeauna Exist\u0103 multe variante ale pasajelor disponibile, dar majoritatea. Ghid profesional Exist\u0103 multe&#8230;<\/p>\n","protected":false},"author":1,"featured_media":0,"parent":0,"menu_order":0,"comment_status":"closed","ping_status":"closed","template":"template-builder.php","meta":{"_acf_changed":false,"footnotes":""},"class_list":["post-7519","page","type-page","status-publish","hentry"],"acf":[],"_links":{"self":[{"href":"https:\/\/egypttourstar.com\/ro\/wp-json\/wp\/v2\/pages\/7519","targetHints":{"allow":["GET"]}}],"collection":[{"href":"https:\/\/egypttourstar.com\/ro\/wp-json\/wp\/v2\/pages"}],"about":[{"href":"https:\/\/egypttourstar.com\/ro\/wp-json\/wp\/v2\/types\/page"}],"author":[{"embeddable":true,"href":"https:\/\/egypttourstar.com\/ro\/wp-json\/wp\/v2\/users\/1"}],"replies":[{"embeddable":true,"href":"https:\/\/egypttourstar.com\/ro\/wp-json\/wp\/v2\/comments?post=7519"}],"version-history":[{"count":14,"href":"https:\/\/egypttourstar.com\/ro\/wp-json\/wp\/v2\/pages\/7519\/revisions"}],"predecessor-version":[{"id":8071,"href":"https:\/\/egypttourstar.com\/ro\/wp-json\/wp\/v2\/pages\/7519\/revisions\/8071"}],"wp:attachment":[{"href":"https:\/\/egypttourstar.com\/ro\/wp-json\/wp\/v2\/media?parent=7519"}],"curies":[{"name":"wp","href":"https:\/\/api.w.org\/{rel}","templated":true}]}}